{"id":309,"date":"2024-04-05T21:30:25","date_gmt":"2024-04-05T19:30:25","guid":{"rendered":"https:\/\/www.insa.gob.bo\/?page_id=309"},"modified":"2025-10-27T18:13:04","modified_gmt":"2025-10-27T22:13:04","slug":"declaracion-de-la-mision-vision-valores-y-principios-de-la-entidad","status":"publish","type":"page","link":"https:\/\/www.insa.gob.bo\/index.php\/declaracion-de-la-mision-vision-valores-y-principios-de-la-entidad\/","title":{"rendered":"Misi\u00f3n, Visi\u00f3n, Valores y Principios"},"content":{"rendered":"\n<p><\/p>\n\n\n\n<h2 class=\"wp-block-heading\">Misi\u00f3n<\/h2>\n\n\n\n<p>Contribuir en la protecci\u00f3n de la producci\u00f3n agraria y los medios de subsistencia de los productores agropecuarios frente a eventos clim\u00e1ticos adversos, a trav\u00e9s del desarrollo de mecanismos de transferencia del riesgo, en un \u00e1mbito democr\u00e1tico, de universalidad, equidad e inclusi\u00f3n, respetando usos y costumbres.<\/p>\n\n\n\n<h2 class=\"wp-block-heading\">Visi\u00f3n<\/h2>\n\n\n\n<p>Ser una entidad p\u00fablica confiable, eficiente e inclusiva con trascendencia nacional e internacional, por la innovaci\u00f3n y solidez en la aplicaci\u00f3n de mecanismos de transferencia de riesgo, que benefician directamente a productores agropecuarios bolivianos e indirectamente a todos los bolivianos. El INSA es una entidad operadora, normadora y de investigaci\u00f3n en el campo del seguro agrario, cuenta con capacidades de regulaci\u00f3n de estos servicios.<\/p>\n\n\n\n<figure class=\"wp-block-gallery has-nested-images columns-default is-cropped wp-block-gallery-1 is-layout-flex wp-block-gallery-is-layout-flex\"><\/figure>\n\n\n\n<p><\/p>\n","protected":false},"excerpt":{"rendered":"<p>Misi\u00f3n Contribuir en la protecci\u00f3n de la producci\u00f3n agraria y los medios de subsistencia de los productores agropecuarios frente a eventos clim\u00e1ticos adversos, a trav\u00e9s del desarrollo de mecanismos de transferencia del riesgo, en un \u00e1mbito democr\u00e1tico, de universalidad, equidad e inclusi\u00f3n, respetando usos y costumbres. Visi\u00f3n Ser una entidad p\u00fablica confiable, eficiente e inclusiva [&hellip;]<\/p>\n","protected":false},"author":1,"featured_media":0,"parent":0,"menu_order":0,"comment_status":"closed","ping_status":"closed","template":"","meta":{"_acf_changed":false,"footnotes":""},"class_list":["post-309","page","type-page","status-publish","hentry"],"acf":[],"_links":{"self":[{"href":"https:\/\/www.insa.gob.bo\/index.php\/wp-json\/wp\/v2\/pages\/309","targetHints":{"allow":["GET"]}}],"collection":[{"href":"https:\/\/www.insa.gob.bo\/index.php\/wp-json\/wp\/v2\/pages"}],"about":[{"href":"https:\/\/www.insa.gob.bo\/index.php\/wp-json\/wp\/v2\/types\/page"}],"author":[{"embeddable":true,"href":"https:\/\/www.insa.gob.bo\/index.php\/wp-json\/wp\/v2\/users\/1"}],"replies":[{"embeddable":true,"href":"https:\/\/www.insa.gob.bo\/index.php\/wp-json\/wp\/v2\/comments?post=309"}],"version-history":[{"count":18,"href":"https:\/\/www.insa.gob.bo\/index.php\/wp-json\/wp\/v2\/pages\/309\/revisions"}],"predecessor-version":[{"id":21553,"href":"https:\/\/www.insa.gob.bo\/index.php\/wp-json\/wp\/v2\/pages\/309\/revisions\/21553"}],"wp:attachment":[{"href":"https:\/\/www.insa.gob.bo\/index.php\/wp-json\/wp\/v2\/media?parent=309"}],"curies":[{"name":"wp","href":"https:\/\/api.w.org\/{rel}","templated":true}]}}