{"id":321,"date":"2024-04-05T21:30:47","date_gmt":"2024-04-05T19:30:47","guid":{"rendered":"https:\/\/www.insa.gob.bo\/?page_id=321"},"modified":"2025-10-30T10:46:53","modified_gmt":"2025-10-30T14:46:53","slug":"breve-historia-o-resena-sobre-la-creacion-y-evolucion-de-la-entidad","status":"publish","type":"page","link":"https:\/\/www.insa.gob.bo\/index.php\/breve-historia-o-resena-sobre-la-creacion-y-evolucion-de-la-entidad\/","title":{"rendered":"Rese\u00f1a Hist\u00f3rica"},"content":{"rendered":"\n<p><\/p>\n\n\n\n<p><\/p>\n\n\n\n<p class=\"has-medium-font-size\">El Instituto del Seguro Agrario fue instituido en el marco del Estado Plurinacional de Bolivia como una entidad p\u00fablica aut\u00e1rquica, con patrimonio propio y autonom\u00eda operativa, bajo la tuici\u00f3n del Ministerio de Desarrollo Rural y Tierras (MDRyT). Su marco legal se halla inscrito en el art\u00edculo 407 de la Constituci\u00f3n Pol\u00edtica del Estado, que establece la obligaci\u00f3n del Estado de \u201cprever la creaci\u00f3n del seguro agrario\u201d. Asimismo, la Ley 144 de la Revoluci\u00f3n Productiva Comunitaria Agropecuaria del 26 de junio de 2011 cre\u00f3 el Seguro Agrario Universal \u201cPachamama\u201d, instrumento mediante el cual INSA despliega sus funciones de aseguramiento frente a eventos clim\u00e1ticos adversos.<\/p>\n\n\n\n<p class=\"has-medium-font-size\"><br>Desde sus primeras campa\u00f1as agr\u00edcolas (2012-2013) el Instituto ha ampliado progresivamente su cobertura, pasando de asegurar cerca de 91.000 hect\u00e1reas en 63 municipios, a intervenir sobre m\u00e1s de 270.000 hect\u00e1reas en 141 municipios para la campa\u00f1a 2014-2015. En los \u00faltimos a\u00f1os, INSA consolid\u00f3 su rol como eje central de la gesti\u00f3n del riesgo agropecuario, brindando apoyo gratuito a peque\u00f1os y medianos productores mediante modalidad catastr\u00f3fica y comercial, con el fin de proteger la producci\u00f3n agr\u00edcola y pecuaria frente a sequ\u00edas, heladas, granizadas e inundaciones. En la gesti\u00f3n 2023, por ejemplo, se inform\u00f3 que m\u00e1s de 345.000 productores fueron beneficiados, y se aseguraron cerca de 588.000 hect\u00e1reas de cultivo.<\/p>\n\n\n\n<p class=\"has-medium-font-size\"><br>A d\u00eda de hoy, el Instituto del Seguro Agrario contin\u00faa fortaleciendo alianzas estrat\u00e9gicas, modernizando sus servicios y ampliando sus l\u00edneas de seguro para asegurar la producci\u00f3n agropecuaria boliviana y preservar la seguridad y soberan\u00eda alimentaria del pa\u00eds. Con ello reafirma su compromiso de estar al lado de las familias rurales, garantizando que la agricultura boliviana tenga respaldo ante los desaf\u00edos del cambio clim\u00e1tico.<\/p>\n\n\n\n<p><\/p>\n","protected":false},"excerpt":{"rendered":"<p>El Instituto del Seguro Agrario fue instituido en el marco del Estado Plurinacional de Bolivia como una entidad p\u00fablica aut\u00e1rquica, con patrimonio propio y autonom\u00eda operativa, bajo la tuici\u00f3n del Ministerio de Desarrollo Rural y Tierras (MDRyT). Su marco legal se halla inscrito en el art\u00edculo 407 de la Constituci\u00f3n Pol\u00edtica del Estado, que establece [&hellip;]<\/p>\n","protected":false},"author":1,"featured_media":16967,"parent":0,"menu_order":0,"comment_status":"closed","ping_status":"closed","template":"","meta":{"_acf_changed":false,"footnotes":""},"class_list":["post-321","page","type-page","status-publish","has-post-thumbnail","hentry"],"acf":[],"_links":{"self":[{"href":"https:\/\/www.insa.gob.bo\/index.php\/wp-json\/wp\/v2\/pages\/321","targetHints":{"allow":["GET"]}}],"collection":[{"href":"https:\/\/www.insa.gob.bo\/index.php\/wp-json\/wp\/v2\/pages"}],"about":[{"href":"https:\/\/www.insa.gob.bo\/index.php\/wp-json\/wp\/v2\/types\/page"}],"author":[{"embeddable":true,"href":"https:\/\/www.insa.gob.bo\/index.php\/wp-json\/wp\/v2\/users\/1"}],"replies":[{"embeddable":true,"href":"https:\/\/www.insa.gob.bo\/index.php\/wp-json\/wp\/v2\/comments?post=321"}],"version-history":[{"count":20,"href":"https:\/\/www.insa.gob.bo\/index.php\/wp-json\/wp\/v2\/pages\/321\/revisions"}],"predecessor-version":[{"id":21728,"href":"https:\/\/www.insa.gob.bo\/index.php\/wp-json\/wp\/v2\/pages\/321\/revisions\/21728"}],"wp:featuredmedia":[{"embeddable":true,"href":"https:\/\/www.insa.gob.bo\/index.php\/wp-json\/wp\/v2\/media\/16967"}],"wp:attachment":[{"href":"https:\/\/www.insa.gob.bo\/index.php\/wp-json\/wp\/v2\/media?parent=321"}],"curies":[{"name":"wp","href":"https:\/\/api.w.org\/{rel}","templated":true}]}}