{"id":328,"date":"2024-04-05T21:30:59","date_gmt":"2024-04-05T19:30:59","guid":{"rendered":"https:\/\/www.insa.gob.bo\/?page_id=328"},"modified":"2025-08-21T14:59:54","modified_gmt":"2025-08-21T18:59:54","slug":"descripcion-de-los-objetivos-y-funciones-principales-de-la-entidad-2","status":"publish","type":"page","link":"https:\/\/www.insa.gob.bo\/index.php\/descripcion-de-los-objetivos-y-funciones-principales-de-la-entidad-2\/","title":{"rendered":"Objetivos Institucionales"},"content":{"rendered":"\n<ul class=\"wp-block-list\">\n<li style=\"font-size:19px\">Desarrollo de Modalidades de Seguro Catastr\u00f3fico.<\/li>\n\n\n\n<li style=\"font-size:19px\">Desarrollo e implementaci\u00f3n de modalidades de seguros comerciales.<\/li>\n\n\n\n<li style=\"font-size:19px\">Desarrollo e implementaci\u00f3n de modalidades de seguros especiales.<\/li>\n\n\n\n<li style=\"font-size:19px\">Articulaci\u00f3n Intersectorial con Enfoque Territorial (Desconcentraci\u00f3n y Gobiernos Aut\u00f3nomos).<\/li>\n\n\n\n<li style=\"font-size:19px\">Fortalecimiento Institucional.<\/li>\n\n\n\n<li style=\"font-size:19px\">Investigaci\u00f3n y Desarrollo.<\/li>\n<\/ul>\n\n\n\n<h2 class=\"wp-block-heading\">Principios Operativos<\/h2>\n\n\n\n<ul class=\"wp-block-list\">\n<li style=\"font-size:19px\">Universalidad de la transferencia del riesgo.<\/li>\n\n\n\n<li style=\"font-size:19px\">Control social y moral comunitaria.<\/li>\n<\/ul>\n\n\n\n<p><\/p>\n\n\n\n<p>&nbsp;<\/p>\n","protected":false},"excerpt":{"rendered":"<p>Principios Operativos &nbsp;<\/p>\n","protected":false},"author":1,"featured_media":0,"parent":0,"menu_order":0,"comment_status":"closed","ping_status":"closed","template":"","meta":{"_acf_changed":false,"footnotes":""},"class_list":["post-328","page","type-page","status-publish","hentry"],"acf":[],"_links":{"self":[{"href":"https:\/\/www.insa.gob.bo\/index.php\/wp-json\/wp\/v2\/pages\/328","targetHints":{"allow":["GET"]}}],"collection":[{"href":"https:\/\/www.insa.gob.bo\/index.php\/wp-json\/wp\/v2\/pages"}],"about":[{"href":"https:\/\/www.insa.gob.bo\/index.php\/wp-json\/wp\/v2\/types\/page"}],"author":[{"embeddable":true,"href":"https:\/\/www.insa.gob.bo\/index.php\/wp-json\/wp\/v2\/users\/1"}],"replies":[{"embeddable":true,"href":"https:\/\/www.insa.gob.bo\/index.php\/wp-json\/wp\/v2\/comments?post=328"}],"version-history":[{"count":18,"href":"https:\/\/www.insa.gob.bo\/index.php\/wp-json\/wp\/v2\/pages\/328\/revisions"}],"predecessor-version":[{"id":18138,"href":"https:\/\/www.insa.gob.bo\/index.php\/wp-json\/wp\/v2\/pages\/328\/revisions\/18138"}],"wp:attachment":[{"href":"https:\/\/www.insa.gob.bo\/index.php\/wp-json\/wp\/v2\/media?parent=328"}],"curies":[{"name":"wp","href":"https:\/\/api.w.org\/{rel}","templated":true}]}}